{"id":44,"date":"2025-09-22T17:55:45","date_gmt":"2025-09-22T15:55:45","guid":{"rendered":"https:\/\/www.nemecpodlahy.cz\/?page_id=44"},"modified":"2025-10-06T12:55:35","modified_gmt":"2025-10-06T10:55:35","slug":"home","status":"publish","type":"page","link":"https:\/\/www.nemecpodlahy.cz\/","title":{"rendered":"Home"},"content":{"rendered":"\t\t<div data-elementor-type=\"wp-page\" data-elementor-id=\"44\" class=\"elementor elementor-44\">\n\t\t\t\t<div class=\"elementor-element elementor-element-fb004b3 e-flex e-con-boxed e-con e-parent\" data-id=\"fb004b3\" data-element_type=\"container\">\n\t\t\t\t\t<div class=\"e-con-inner\">\n\t\t<div class=\"elementor-element elementor-element-bdf5087 e-con-full e-flex e-con e-child\" data-id=\"bdf5087\" data-element_type=\"container\">\n\t\t\t\t<div class=\"elementor-element elementor-element-c6b4dd4 elementor-widget__width-initial elementor-widget-mobile__width-inherit elementor-widget elementor-widget-image\" data-id=\"c6b4dd4\" data-element_type=\"widget\" data-widget_type=\"image.default\">\n\t\t\t\t\t\t\t\t\t\t\t\t\t\t\t<img fetchpriority=\"high\" decoding=\"async\" width=\"800\" height=\"800\" src=\"https:\/\/www.nemecpodlahy.cz\/wp-content\/uploads\/2025\/09\/NemecPodlahy_J2b_MAIN.svg\" class=\"attachment-large size-large wp-image-12\" alt=\"\" \/>\t\t\t\t\t\t\t\t\t\t\t\t\t\t\t<\/div>\n\t\t\t\t<\/div>\n\t\t<div class=\"elementor-element elementor-element-0b38969 e-con-full e-flex e-con e-child\" data-id=\"0b38969\" data-element_type=\"container\">\n\t\t\t\t<div class=\"elementor-element elementor-element-2f5db66 elementor-widget elementor-widget-text-editor\" data-id=\"2f5db66\" data-element_type=\"widget\" data-widget_type=\"text-editor.default\">\n\t\t\t\t\t\t\t\t\t<p>Ale\u0161 N\u011bmec \u2022\u00a0tel.: 731 119 397<\/p><p><span style=\"letter-spacing: 0px;\">e-mail: info@nemecpodlahy.cz<\/span><\/p>\t\t\t\t\t\t\t\t<\/div>\n\t\t\t\t<\/div>\n\t\t\t\t\t<\/div>\n\t\t\t\t<\/div>\n\t\t<div class=\"elementor-element elementor-element-ed04346 e-flex e-con-boxed e-con e-parent\" data-id=\"ed04346\" data-element_type=\"container\">\n\t\t\t\t\t<div class=\"e-con-inner\">\n\t\t\t\t<div class=\"elementor-element elementor-element-524c119 elementor-widget-divider--view-line elementor-widget elementor-widget-divider\" data-id=\"524c119\" data-element_type=\"widget\" data-widget_type=\"divider.default\">\n\t\t\t\t\t\t\t<div class=\"elementor-divider\">\n\t\t\t<span class=\"elementor-divider-separator\">\n\t\t\t\t\t\t<\/span>\n\t\t<\/div>\n\t\t\t\t\t\t<\/div>\n\t\t\t\t\t<\/div>\n\t\t\t\t<\/div>\n\t\t<div class=\"elementor-element elementor-element-4a78f2f e-flex e-con-boxed e-con e-parent\" data-id=\"4a78f2f\" data-element_type=\"container\">\n\t\t\t\t\t<div class=\"e-con-inner\">\n\t\t<div class=\"elementor-element elementor-element-50a86e1 e-con-full e-flex e-con e-child\" data-id=\"50a86e1\" data-element_type=\"container\">\n\t\t<div class=\"elementor-element elementor-element-cf6f531 e-con-full e-flex e-con e-child\" data-id=\"cf6f531\" data-element_type=\"container\">\n\t\t\t\t<div class=\"elementor-element elementor-element-cc70850 elementor-widget elementor-widget-heading\" data-id=\"cc70850\" data-element_type=\"widget\" data-widget_type=\"heading.default\">\n\t\t\t\t\t<h2 class=\"elementor-heading-title elementor-size-default\">Distribuce a realizace vinylov\u00fdch podlah.<\/h2>\t\t\t\t<\/div>\n\t\t\t\t<\/div>\n\t\t<div class=\"elementor-element elementor-element-c55842b e-con-full e-flex e-con e-child\" data-id=\"c55842b\" data-element_type=\"container\">\n\t\t\t\t<div class=\"elementor-element elementor-element-02ed901 elementor-widget elementor-widget-text-editor\" data-id=\"02ed901\" data-element_type=\"widget\" data-widget_type=\"text-editor.default\">\n\t\t\t\t\t\t\t\t\t<p data-start=\"51\" data-end=\"263\"><strong data-start=\"51\" data-end=\"71\">Vzorkovna podlah<\/strong> se nach\u00e1z\u00ed v are\u00e1lu <strong data-start=\"92\" data-end=\"118\">Obklady a dla\u017eby Hejda<\/strong>, \u010d\u00e1st Kol\u00edn \u2013 <strong data-start=\"133\" data-end=\"145\">\u0160\u0165\u00e1ralka<\/strong>, <strong data-start=\"147\" data-end=\"167\">Havl\u00ed\u010dkova ulice<\/strong>.<br data-start=\"168\" data-end=\"171\" data-is-only-node=\"\">Jedete-li z centra Kol\u00edna sm\u011brem na <strong data-start=\"207\" data-end=\"217\">\u010c\u00e1slav<\/strong>, are\u00e1l najdete <strong data-start=\"233\" data-end=\"262\">za m\u011bstem po prav\u00e9 stran\u011b<\/strong>.<\/p>\n<p data-start=\"265\" data-end=\"284\"><strong data-start=\"265\" data-end=\"282\">Prodejn\u00ed doba<\/strong><\/p>\n<ul data-start=\"285\" data-end=\"354\">\n<li data-start=\"285\" data-end=\"310\">\n<p data-start=\"287\" data-end=\"310\"><strong data-start=\"287\" data-end=\"297\">Po\u2013\u010ct:<\/strong> 8:00\u201316:30 \u2022&nbsp;<strong data-start=\"313\" data-end=\"320\" style=\"background-color: transparent;\">P\u00e1:<\/strong><span style=\"background-color: transparent;\"> 8:00\u201317:00<\/span><\/p>\n<\/li><li data-start=\"285\" data-end=\"310\"><p data-start=\"287\" data-end=\"310\"><span style=\"background-color: transparent;\">&nbsp;<\/span><strong data-start=\"336\" data-end=\"343\" style=\"background-color: transparent;\">So:<\/strong><span style=\"background-color: transparent;\"> 8:00\u201312:00<\/span><\/p><\/li>\n<\/ul>\t\t\t\t\t\t\t\t<\/div>\n\t\t\t\t<\/div>\n\t\t<div class=\"elementor-element elementor-element-b9373e9 e-con-full e-flex e-con e-child\" data-id=\"b9373e9\" data-element_type=\"container\">\n\t\t\t\t<div class=\"elementor-element elementor-element-484e090 elementor-widget elementor-widget-html\" data-id=\"484e090\" data-element_type=\"widget\" data-widget_type=\"html.default\">\n\t\t\t\t\t<iframe src=\"https:\/\/www.google.com\/maps\/embed?pb=!1m18!1m12!1m3!1d2564.4887098539807!2d15.23435357696954!3d50.00219461953734!2m3!1f0!2f0!3f0!3m2!1i1024!2i768!4f13.1!3m3!1m2!1s0x470c154958512767%3A0x7f3444a8b0891911!2sHejda%20-%20Obklady%2C%20Dla%C5%BEby%2C%20Koupelny%20Kol%C3%ADn!5e0!3m2!1scs!2scz!4v1758616634209!5m2!1scs!2scz\" width=\"400\" height=\"300\" style=\"border:0;\" allowfullscreen=\"\" loading=\"lazy\" referrerpolicy=\"no-referrer-when-downgrade\"><\/iframe>\t\t\t\t<\/div>\n\t\t\t\t<\/div>\n\t\t\t\t<\/div>\n\t\t<div class=\"elementor-element elementor-element-1509e92 e-con-full e-flex e-con e-child\" data-id=\"1509e92\" data-element_type=\"container\">\n\t\t\t\t<div class=\"elementor-element elementor-element-dc72d93 elementor-widget elementor-widget-image\" data-id=\"dc72d93\" data-element_type=\"widget\" data-widget_type=\"image.default\">\n\t\t\t\t\t\t\t\t\t\t\t\t\t\t\t<img decoding=\"async\" width=\"768\" height=\"1024\" src=\"https:\/\/www.nemecpodlahy.cz\/wp-content\/uploads\/2025\/09\/20250919_161803-768x1024.jpg\" class=\"attachment-large size-large wp-image-10\" alt=\"\" srcset=\"https:\/\/www.nemecpodlahy.cz\/wp-content\/uploads\/2025\/09\/20250919_161803-768x1024.jpg 768w, https:\/\/www.nemecpodlahy.cz\/wp-content\/uploads\/2025\/09\/20250919_161803-225x300.jpg 225w, https:\/\/www.nemecpodlahy.cz\/wp-content\/uploads\/2025\/09\/20250919_161803.jpg 1000w\" sizes=\"(max-width: 768px) 100vw, 768px\" \/>\t\t\t\t\t\t\t\t\t\t\t\t\t\t\t<\/div>\n\t\t\t\t<\/div>\n\t\t\t\t\t<\/div>\n\t\t\t\t<\/div>\n\t\t<div class=\"elementor-element elementor-element-e7cd535 e-flex e-con-boxed e-con e-parent\" data-id=\"e7cd535\" data-element_type=\"container\">\n\t\t\t\t\t<div class=\"e-con-inner\">\n\t\t\t\t<div class=\"elementor-element elementor-element-8ce2c8b elementor-widget elementor-widget-spacer\" data-id=\"8ce2c8b\" data-element_type=\"widget\" data-widget_type=\"spacer.default\">\n\t\t\t\t\t\t\t<div class=\"elementor-spacer\">\n\t\t\t<div class=\"elementor-spacer-inner\"><\/div>\n\t\t<\/div>\n\t\t\t\t\t\t<\/div>\n\t\t\t\t\t<\/div>\n\t\t\t\t<\/div>\n\t\t<div class=\"elementor-element elementor-element-30eadb2 e-flex e-con-boxed e-con e-parent\" data-id=\"30eadb2\" data-element_type=\"container\">\n\t\t\t\t\t<div class=\"e-con-inner\">\n\t\t\t\t<div class=\"elementor-element elementor-element-dc317f8 elementor-widget__width-initial elementor-widget elementor-widget-image\" data-id=\"dc317f8\" data-element_type=\"widget\" data-widget_type=\"image.default\">\n\t\t\t\t\t\t\t\t\t\t\t\t\t\t\t\t<a href=\"https:\/\/nemec-podlahy.meisterweb.cz\/\" target=\"_blank\">\n\t\t\t\t\t\t\t<img decoding=\"async\" width=\"800\" height=\"800\" src=\"https:\/\/www.nemecpodlahy.cz\/wp-content\/uploads\/2025\/09\/Meister.svg\" class=\"attachment-large size-large wp-image-110\" alt=\"\" \/>\t\t\t\t\t\t\t\t<\/a>\n\t\t\t\t\t\t\t\t\t\t\t\t\t\t\t<\/div>\n\t\t\t\t\t<\/div>\n\t\t\t\t<\/div>\n\t\t<div class=\"elementor-element elementor-element-0003de9 e-flex e-con-boxed e-con e-parent\" data-id=\"0003de9\" data-element_type=\"container\">\n\t\t\t\t\t<div class=\"e-con-inner\">\n\t\t\t\t<div class=\"elementor-element elementor-element-0536db1 elementor-widget elementor-widget-spacer\" data-id=\"0536db1\" data-element_type=\"widget\" data-widget_type=\"spacer.default\">\n\t\t\t\t\t\t\t<div class=\"elementor-spacer\">\n\t\t\t<div class=\"elementor-spacer-inner\"><\/div>\n\t\t<\/div>\n\t\t\t\t\t\t<\/div>\n\t\t\t\t\t<\/div>\n\t\t\t\t<\/div>\n\t\t<div class=\"elementor-element elementor-element-533471b e-flex e-con-boxed e-con e-parent\" data-id=\"533471b\" data-element_type=\"container\">\n\t\t\t\t\t<div class=\"e-con-inner\">\n\t\t\t\t<div class=\"elementor-element elementor-element-aefe023 elementor-widget elementor-widget-spacer\" data-id=\"aefe023\" data-element_type=\"widget\" data-widget_type=\"spacer.default\">\n\t\t\t\t\t\t\t<div class=\"elementor-spacer\">\n\t\t\t<div class=\"elementor-spacer-inner\"><\/div>\n\t\t<\/div>\n\t\t\t\t\t\t<\/div>\n\t\t\t\t\t<\/div>\n\t\t\t\t<\/div>\n\t\t<div class=\"elementor-element elementor-element-7361ead e-flex e-con-boxed e-con e-parent\" data-id=\"7361ead\" data-element_type=\"container\">\n\t\t\t\t\t<div class=\"e-con-inner\">\n\t\t<div class=\"elementor-element elementor-element-0dc9111 e-con-full e-flex e-con e-child\" data-id=\"0dc9111\" data-element_type=\"container\">\n\t\t\t\t<div class=\"elementor-element elementor-element-94b4fc7 elementor-widget__width-initial elementor-widget elementor-widget-text-editor\" data-id=\"94b4fc7\" data-element_type=\"widget\" data-widget_type=\"text-editor.default\">\n\t\t\t\t\t\t\t\t\t<p class=\"elementor-heading-title elementor-size-default elementor-inline-editing pen\" data-elementor-setting-key=\"title\" data-pen-placeholder=\"Pi\u0161te zde...\"><strong>MEISTER podlahy, panely a p\u0159\u00edslu\u0161enstv\u00ed pro kr\u00e1sn\u00fd domov.<\/strong><\/p><p class=\"elementor-heading-title elementor-size-default elementor-inline-editing pen\" data-elementor-setting-key=\"title\" data-pen-placeholder=\"Pi\u0161te zde...\">Nab\u00edz\u00edme kvalitn\u00ed n\u011bmeck\u00e9 podlahy a st\u011bnov\u00e9 panely, kter\u00e9 kombinuj\u00ed design, komfort a dlouhou \u017eivotnost.<\/p><p class=\"elementor-heading-title elementor-size-default elementor-inline-editing pen\" data-elementor-setting-key=\"title\" data-pen-placeholder=\"Pi\u0161te zde...\">D\u016fraz klademe na spolehlivost, f\u00e9rov\u00fd p\u0159\u00edstup a inovace \u2013 abychom v\u00e1m mohli nab\u00eddnout to nejlep\u0161\u00ed pro v\u00e1\u0161 domov.<\/p><p data-elementor-setting-key=\"title\" data-pen-placeholder=\"Pi\u0161te zde...\">Proklikem na logo MEISTER se dostanete na webov\u00e9 str\u00e1nky, kde si m\u016f\u017eete prohl\u00e9dnout sortiment spole\u010dnosti MEISTER.\u00a0<\/p>\t\t\t\t\t\t\t\t<\/div>\n\t\t\t\t<\/div>\n\t\t\t\t\t<\/div>\n\t\t\t\t<\/div>\n\t\t<div class=\"elementor-element elementor-element-603cf9f8 e-flex e-con-boxed e-con e-parent\" data-id=\"603cf9f8\" data-element_type=\"container\">\n\t\t\t\t\t<div class=\"e-con-inner\">\n\t\t\t\t<div class=\"elementor-element elementor-element-504061a3 elementor-widget elementor-widget-heading\" data-id=\"504061a3\" data-element_type=\"widget\" data-widget_type=\"heading.default\">\n\t\t\t\t\t<h2 class=\"elementor-heading-title elementor-size-default\">Na\u0161e slu\u017eby<\/h2>\t\t\t\t<\/div>\n\t\t<div class=\"elementor-element elementor-element-750aab8a e-con-full e-flex e-con e-child\" data-id=\"750aab8a\" data-element_type=\"container\">\n\t\t<div class=\"elementor-element elementor-element-10f72d55 e-con-full e-flex e-con e-child\" data-id=\"10f72d55\" data-element_type=\"container\">\n\t\t\t\t<div class=\"elementor-element elementor-element-66da657e elementor-position-top elementor-widget elementor-widget-image-box\" data-id=\"66da657e\" data-element_type=\"widget\" data-widget_type=\"image-box.default\">\n\t\t\t\t\t<div class=\"elementor-image-box-wrapper\"><figure class=\"elementor-image-box-img\"><a href=\"https:\/\/library.elementor.com\/local-services-wireframe-3-flexbox\/services\/#service1\" tabindex=\"-1\"><img loading=\"lazy\" decoding=\"async\" width=\"1000\" height=\"1333\" src=\"https:\/\/www.nemecpodlahy.cz\/wp-content\/uploads\/2025\/09\/20250919_161810.jpg\" class=\"attachment-full size-full wp-image-9\" alt=\"\" srcset=\"https:\/\/www.nemecpodlahy.cz\/wp-content\/uploads\/2025\/09\/20250919_161810.jpg 1000w, https:\/\/www.nemecpodlahy.cz\/wp-content\/uploads\/2025\/09\/20250919_161810-225x300.jpg 225w, https:\/\/www.nemecpodlahy.cz\/wp-content\/uploads\/2025\/09\/20250919_161810-768x1024.jpg 768w\" sizes=\"(max-width: 1000px) 100vw, 1000px\" \/><\/a><\/figure><div class=\"elementor-image-box-content\"><h3 class=\"elementor-image-box-title\"><a href=\"https:\/\/library.elementor.com\/local-services-wireframe-3-flexbox\/services\/#service1\">VZORKOVNA<\/a><\/h3><p class=\"elementor-image-box-description\">U n\u00e1s najdete \u0161irokou nab\u00eddku podlah v r\u016fzn\u00fdch materi\u00e1lech a odst\u00ednech, kter\u00e9 spln\u00ed i ty nejn\u00e1ro\u010dn\u011bj\u0161\u00ed po\u017eadavky. Na\u0161e kolekce zahrnuje jak modern\u00ed, tak tradi\u010dn\u00ed styly, abyste mohli snadno naj\u00edt ide\u00e1ln\u00ed \u0159e\u0161en\u00ed pro v\u00e1\u0161 domov nebo kancel\u00e1\u0159.<\/p><\/div><\/div>\t\t\t\t<\/div>\n\t\t\t\t<\/div>\n\t\t<div class=\"elementor-element elementor-element-208e0f40 e-con-full e-flex e-con e-child\" data-id=\"208e0f40\" data-element_type=\"container\">\n\t\t\t\t<div class=\"elementor-element elementor-element-54f33611 elementor-position-top elementor-widget elementor-widget-image-box\" data-id=\"54f33611\" data-element_type=\"widget\" data-widget_type=\"image-box.default\">\n\t\t\t\t\t<div class=\"elementor-image-box-wrapper\"><figure class=\"elementor-image-box-img\"><a href=\"https:\/\/library.elementor.com\/local-services-wireframe-3-flexbox\/services\/#service2\" tabindex=\"-1\"><img loading=\"lazy\" decoding=\"async\" width=\"1000\" height=\"1333\" src=\"https:\/\/www.nemecpodlahy.cz\/wp-content\/uploads\/2025\/09\/20250919_151436.jpg\" class=\"attachment-full size-full wp-image-8\" alt=\"\" srcset=\"https:\/\/www.nemecpodlahy.cz\/wp-content\/uploads\/2025\/09\/20250919_151436.jpg 1000w, https:\/\/www.nemecpodlahy.cz\/wp-content\/uploads\/2025\/09\/20250919_151436-225x300.jpg 225w, https:\/\/www.nemecpodlahy.cz\/wp-content\/uploads\/2025\/09\/20250919_151436-768x1024.jpg 768w\" sizes=\"(max-width: 1000px) 100vw, 1000px\" \/><\/a><\/figure><div class=\"elementor-image-box-content\"><h3 class=\"elementor-image-box-title\"><a href=\"https:\/\/library.elementor.com\/local-services-wireframe-3-flexbox\/services\/#service2\">DOPRAVA A POKL\u00c1DKA<\/a><\/h3><p class=\"elementor-image-box-description\">Va\u0161i podlahu v\u00e1m dovezeme a\u017e p\u0159\u00edmo k v\u00e1m dom\u016f, abyste si mohli u\u017e\u00edt pohodl\u00ed a kvalitn\u00ed slu\u017eby bez zbyte\u010dn\u00fdch starost\u00ed.<\/p><\/div><\/div>\t\t\t\t<\/div>\n\t\t\t\t<\/div>\n\t\t<div class=\"elementor-element elementor-element-4951f18a e-con-full e-flex e-con e-child\" data-id=\"4951f18a\" data-element_type=\"container\">\n\t\t\t\t<div class=\"elementor-element elementor-element-25846d51 elementor-position-top elementor-widget elementor-widget-image-box\" data-id=\"25846d51\" data-element_type=\"widget\" data-widget_type=\"image-box.default\">\n\t\t\t\t\t<div class=\"elementor-image-box-wrapper\"><figure class=\"elementor-image-box-img\"><a href=\"https:\/\/library.elementor.com\/local-services-wireframe-3-flexbox\/services\/#service3\" tabindex=\"-1\"><img loading=\"lazy\" decoding=\"async\" width=\"1000\" height=\"1333\" src=\"https:\/\/www.nemecpodlahy.cz\/wp-content\/uploads\/2025\/09\/Realizace_20241028_144500.jpg\" class=\"attachment-full size-full wp-image-11\" alt=\"\" srcset=\"https:\/\/www.nemecpodlahy.cz\/wp-content\/uploads\/2025\/09\/Realizace_20241028_144500.jpg 1000w, https:\/\/www.nemecpodlahy.cz\/wp-content\/uploads\/2025\/09\/Realizace_20241028_144500-225x300.jpg 225w, https:\/\/www.nemecpodlahy.cz\/wp-content\/uploads\/2025\/09\/Realizace_20241028_144500-768x1024.jpg 768w\" sizes=\"(max-width: 1000px) 100vw, 1000px\" \/><\/a><\/figure><div class=\"elementor-image-box-content\"><h3 class=\"elementor-image-box-title\"><a href=\"https:\/\/library.elementor.com\/local-services-wireframe-3-flexbox\/services\/#service3\">JSME PROF\u00cdCI<\/a><\/h3><p class=\"elementor-image-box-description\">Podlahu v\u00e1m odborn\u011b polo\u017e\u00edme s maxim\u00e1ln\u00edm d\u016frazem na kvalitu a preciznost. Jsme profesion\u00e1lov\u00e9, kte\u0159\u00ed se postaraj\u00ed o ka\u017edou drobnost a zajist\u00ed, aby byla va\u0161e podlaha polo\u017eena na nejvy\u0161\u0161\u00ed \u00farovni.<\/p><\/div><\/div>\t\t\t\t<\/div>\n\t\t\t\t<\/div>\n\t\t\t\t<\/div>\n\t\t\t\t\t<\/div>\n\t\t\t\t<\/div>\n\t\t\t\t<\/div>\n\t\t","protected":false},"excerpt":{"rendered":"<p>Ale\u0161 N\u011bmec \u2022\u00a0tel.: 731 119 397 e-mail: info@nemecpodlahy.cz Distribuce a realizace vinylov\u00fdch podlah. Vzorkovna podlah se nach\u00e1z\u00ed v are\u00e1lu Obklady a dla\u017eby Hejda, \u010d\u00e1st Kol\u00edn \u2013 \u0160\u0165\u00e1ralka, Havl\u00ed\u010dkova ulice.Jedete-li z centra Kol\u00edna sm\u011brem na \u010c\u00e1slav, are\u00e1l najdete za m\u011bstem po prav\u00e9 stran\u011b. Prodejn\u00ed doba Po\u2013\u010ct: 8:00\u201316:30 \u2022&nbsp;P\u00e1: 8:00\u201317:00 &nbsp;So: 8:00\u201312:00 MEISTER podlahy, panely a p\u0159\u00edslu\u0161enstv\u00ed [&hellip;]<\/p>\n","protected":false},"author":1,"featured_media":49,"parent":0,"menu_order":0,"comment_status":"closed","ping_status":"closed","template":"elementor_header_footer","meta":{"inline_featured_image":false,"iawp_total_views":144,"footnotes":""},"class_list":["post-44","page","type-page","status-publish","has-post-thumbnail","hentry"],"_links":{"self":[{"href":"https:\/\/www.nemecpodlahy.cz\/index.php?rest_route=\/wp\/v2\/pages\/44","targetHints":{"allow":["GET"]}}],"collection":[{"href":"https:\/\/www.nemecpodlahy.cz\/index.php?rest_route=\/wp\/v2\/pages"}],"about":[{"href":"https:\/\/www.nemecpodlahy.cz\/index.php?rest_route=\/wp\/v2\/types\/page"}],"author":[{"embeddable":true,"href":"https:\/\/www.nemecpodlahy.cz\/index.php?rest_route=\/wp\/v2\/users\/1"}],"replies":[{"embeddable":true,"href":"https:\/\/www.nemecpodlahy.cz\/index.php?rest_route=%2Fwp%2Fv2%2Fcomments&post=44"}],"version-history":[{"count":160,"href":"https:\/\/www.nemecpodlahy.cz\/index.php?rest_route=\/wp\/v2\/pages\/44\/revisions"}],"predecessor-version":[{"id":247,"href":"https:\/\/www.nemecpodlahy.cz\/index.php?rest_route=\/wp\/v2\/pages\/44\/revisions\/247"}],"wp:featuredmedia":[{"embeddable":true,"href":"https:\/\/www.nemecpodlahy.cz\/index.php?rest_route=\/wp\/v2\/media\/49"}],"wp:attachment":[{"href":"https:\/\/www.nemecpodlahy.cz\/index.php?rest_route=%2Fwp%2Fv2%2Fmedia&parent=44"}],"curies":[{"name":"wp","href":"https:\/\/api.w.org\/{rel}","templated":true}]}}